{"id":7,"date":"2014-12-29T09:36:24","date_gmt":"2014-12-29T09:36:24","guid":{"rendered":"https:\/\/mario-fliesen.de\/wordpress\/?page_id=7"},"modified":"2015-06-22T12:28:35","modified_gmt":"2015-06-22T12:28:35","slug":"produktedienstleistungen","status":"publish","type":"page","link":"https:\/\/mario-fliesen.de\/wordpress\/index.php\/produktedienstleistungen\/","title":{"rendered":"Ausstellung"},"content":{"rendered":"<p>In unserer gro\u00dfz\u00fcgigen Ausstellung, haben wir ein umfangreiches Fliesenangebot f\u00fcr jedermann.<br \/>\nDurch unser st\u00e4ndig geschultes Verkaufsteam, kann jeder Kunde bei uns f\u00fcndig werden.<br \/>\nUnser besonderer Service f\u00fcr Sie ist eine kompetente Beratung und eine kostenfreie Anlieferung.<\/p>\n<p><img loading=\"lazy\" class=\"aligncenter size-full wp-image-177\" src=\"https:\/\/mario-fliesen.de\/wordpress\/wp-content\/uploads\/mario-fliesen-ausstellung_web.jpg\" alt=\"Ausstellung Mario Fliesen Oebisfelde\" width=\"1502\" height=\"666\" srcset=\"https:\/\/mario-fliesen.de\/wordpress\/wp-content\/uploads\/mario-fliesen-ausstellung_web.jpg 1502w, https:\/\/mario-fliesen.de\/wordpress\/wp-content\/uploads\/mario-fliesen-ausstellung_web-300x133.jpg 300w, https:\/\/mario-fliesen.de\/wordpress\/wp-content\/uploads\/mario-fliesen-ausstellung_web-1024x454.jpg 1024w\" sizes=\"(max-width: 1502px) 100vw, 1502px\" \/><\/p>\n<p>&nbsp;<\/p>\n","protected":false},"excerpt":{"rendered":"<p>In unserer gro\u00dfz\u00fcgigen Ausstellung, haben wir ein umfangreiches Fliesenangebot f\u00fcr jedermann. Durch unser st\u00e4ndig geschultes Verkaufsteam, kann jeder Kunde bei uns f\u00fcndig werden. Unser besonderer Service f\u00fcr Sie ist eine kompetente Beratung und eine kostenfreie Anlieferung. &nbsp;<\/p>\n","protected":false},"author":1,"featured_media":0,"parent":0,"menu_order":0,"comment_status":"closed","ping_status":"open","template":"","meta":[],"_links":{"self":[{"href":"https:\/\/mario-fliesen.de\/wordpress\/index.php\/wp-json\/wp\/v2\/pages\/7"}],"collection":[{"href":"https:\/\/mario-fliesen.de\/wordpress\/index.php\/wp-json\/wp\/v2\/pages"}],"about":[{"href":"https:\/\/mario-fliesen.de\/wordpress\/index.php\/wp-json\/wp\/v2\/types\/page"}],"author":[{"embeddable":true,"href":"https:\/\/mario-fliesen.de\/wordpress\/index.php\/wp-json\/wp\/v2\/users\/1"}],"replies":[{"embeddable":true,"href":"https:\/\/mario-fliesen.de\/wordpress\/index.php\/wp-json\/wp\/v2\/comments?post=7"}],"version-history":[{"count":17,"href":"https:\/\/mario-fliesen.de\/wordpress\/index.php\/wp-json\/wp\/v2\/pages\/7\/revisions"}],"predecessor-version":[{"id":179,"href":"https:\/\/mario-fliesen.de\/wordpress\/index.php\/wp-json\/wp\/v2\/pages\/7\/revisions\/179"}],"wp:attachment":[{"href":"https:\/\/mario-fliesen.de\/wordpress\/index.php\/wp-json\/wp\/v2\/media?parent=7"}],"curies":[{"name":"wp","href":"https:\/\/api.w.org\/{rel}","templated":true}]}}